{"id":47974,"date":"2026-02-09T17:50:30","date_gmt":"2026-02-09T17:50:30","guid":{"rendered":"https:\/\/nourzl.com\/wp\/product\/parlante-12-tripode-royal\/"},"modified":"2026-02-09T17:50:30","modified_gmt":"2026-02-09T17:50:30","slug":"parlante-12-tripode-royal","status":"publish","type":"product","link":"https:\/\/nourzl.com\/wp\/product\/parlante-12-tripode-royal\/","title":{"rendered":"PARLANTE 12&#8243; + TRIPODE ROYAL"},"content":{"rendered":"<p>Parlante de conexi\u00f3n inal\u00e1mbrica con bater\u00eda recargable, radio FM, entrada auxiliar, usb, micro sd, micr\u00f3fono, uso discoteca, altavoces de 12\u201d, bater\u00eda de 7.4v, 3000mah, potencia de 5000w, incluye cable tipo c.<\/p>\n","protected":false},"excerpt":{"rendered":"<p>PARLANTE 12&#8243; + TRIPODE ROYAL<\/p>\n","protected":false},"featured_media":47971,"template":"","meta":[],"product_brand":[],"product_cat":[1586,1626],"product_tag":[2281],"class_list":{"0":"post-47974","1":"product","2":"type-product","3":"status-publish","4":"has-post-thumbnail","6":"product_cat-electronica","7":"product_cat-equipo-de-sonido-casa","8":"product_tag-speaker-royal","10":"first","11":"instock","12":"shipping-taxable","13":"purchasable","14":"product-type-simple"},"jetpack_sharing_enabled":true,"_links":{"self":[{"href":"https:\/\/nourzl.com\/wp\/wp-json\/wp\/v2\/product\/47974","targetHints":{"allow":["GET"]}}],"collection":[{"href":"https:\/\/nourzl.com\/wp\/wp-json\/wp\/v2\/product"}],"about":[{"href":"https:\/\/nourzl.com\/wp\/wp-json\/wp\/v2\/types\/product"}],"wp:featuredmedia":[{"embeddable":true,"href":"https:\/\/nourzl.com\/wp\/wp-json\/wp\/v2\/media\/47971"}],"wp:attachment":[{"href":"https:\/\/nourzl.com\/wp\/wp-json\/wp\/v2\/media?parent=47974"}],"wp:term":[{"taxonomy":"product_brand","embeddable":true,"href":"https:\/\/nourzl.com\/wp\/wp-json\/wp\/v2\/product_brand?post=47974"},{"taxonomy":"product_cat","embeddable":true,"href":"https:\/\/nourzl.com\/wp\/wp-json\/wp\/v2\/product_cat?post=47974"},{"taxonomy":"product_tag","embeddable":true,"href":"https:\/\/nourzl.com\/wp\/wp-json\/wp\/v2\/product_tag?post=47974"}],"curies":[{"name":"wp","href":"https:\/\/api.w.org\/{rel}","templated":true}]}}