{"id":47906,"date":"2026-02-09T17:49:31","date_gmt":"2026-02-09T17:49:31","guid":{"rendered":"https:\/\/nourzl.com\/wp\/product\/estufa-gas-20-4q-frigidaire\/"},"modified":"2026-02-09T17:49:31","modified_gmt":"2026-02-09T17:49:31","slug":"estufa-gas-20-4q-frigidaire","status":"publish","type":"product","link":"https:\/\/nourzl.com\/wp\/product\/estufa-gas-20-4q-frigidaire\/","title":{"rendered":"ESTUFA GAS 20&#8243; 4Q FRIGIDAIRE"},"content":{"rendered":"<p>Estufa 4 quemadores, voltaje 120v, frecuencia 60hz, capacidad del horno 59 litros, tipo de gas lpg, presi\u00f3n d gas 2.75kPa, potencia el\u00e9ctrica 25w, temperatura m\u00e1xima 9.9Kw.<\/p>\n","protected":false},"excerpt":{"rendered":"<p>ESTUFA GAS 20&#8243; 4Q FRIGIDAIRE<\/p>\n","protected":false},"featured_media":47905,"template":"","meta":[],"product_brand":[],"product_cat":[1669,1588],"product_tag":[2261],"class_list":{"0":"post-47906","1":"product","2":"type-product","3":"status-publish","4":"has-post-thumbnail","6":"product_cat-estufas-linea-blanca","7":"product_cat-linea-blanca","8":"product_tag-stoves-20-4q-frigidaire","10":"first","11":"instock","12":"shipping-taxable","13":"purchasable","14":"product-type-simple"},"jetpack_sharing_enabled":true,"_links":{"self":[{"href":"https:\/\/nourzl.com\/wp\/wp-json\/wp\/v2\/product\/47906","targetHints":{"allow":["GET"]}}],"collection":[{"href":"https:\/\/nourzl.com\/wp\/wp-json\/wp\/v2\/product"}],"about":[{"href":"https:\/\/nourzl.com\/wp\/wp-json\/wp\/v2\/types\/product"}],"wp:featuredmedia":[{"embeddable":true,"href":"https:\/\/nourzl.com\/wp\/wp-json\/wp\/v2\/media\/47905"}],"wp:attachment":[{"href":"https:\/\/nourzl.com\/wp\/wp-json\/wp\/v2\/media?parent=47906"}],"wp:term":[{"taxonomy":"product_brand","embeddable":true,"href":"https:\/\/nourzl.com\/wp\/wp-json\/wp\/v2\/product_brand?post=47906"},{"taxonomy":"product_cat","embeddable":true,"href":"https:\/\/nourzl.com\/wp\/wp-json\/wp\/v2\/product_cat?post=47906"},{"taxonomy":"product_tag","embeddable":true,"href":"https:\/\/nourzl.com\/wp\/wp-json\/wp\/v2\/product_tag?post=47906"}],"curies":[{"name":"wp","href":"https:\/\/api.w.org\/{rel}","templated":true}]}}