{"id":47871,"date":"2026-02-09T17:49:01","date_gmt":"2026-02-09T17:49:01","guid":{"rendered":"https:\/\/nourzl.com\/wp\/product\/aire-piso-techo-60k-r32-royal\/"},"modified":"2026-02-09T17:49:01","modified_gmt":"2026-02-09T17:49:01","slug":"aire-piso-techo-60k-r32-royal","status":"publish","type":"product","link":"https:\/\/nourzl.com\/wp\/product\/aire-piso-techo-60k-r32-royal\/","title":{"rendered":"AIRE PISO TECHO 60K R32 ROYAL"},"content":{"rendered":"<p>Capacidad 60000 btu\/h, corriente 30.0 amp, corriente nominal 40.0 amp, entrada de potencia 6400 w, potencia nominal de entrada 7500 w, volumen de aire 2200 m3\/h, precci\u00f3n de descarga 4.5Mpa, presi\u00f3n de succi\u00f3n 1.9 Mpa, ruido compresor 67 decibeles, ruido del evapo 38 decibeles, voltage 208-230v, frecuencia 60Hz, refrigerante R32 (1500 gramos, protecci\u00f3n el\u00e9ctrica IPX4, EER 2.75.  <\/p>\n","protected":false},"excerpt":{"rendered":"<p>AIRE PISO TECHO 60K R32 ROYAL  <\/p>\n","protected":false},"featured_media":47869,"template":"","meta":[],"product_brand":[],"product_cat":[1664,1588],"product_tag":[2251],"class_list":{"0":"post-47871","1":"product","2":"type-product","3":"status-publish","4":"has-post-thumbnail","6":"product_cat-aire-split","7":"product_cat-linea-blanca","8":"product_tag-air-fan-for-ceiling-60k-gr32-royal","10":"first","11":"instock","12":"shipping-taxable","13":"purchasable","14":"product-type-simple"},"jetpack_sharing_enabled":true,"_links":{"self":[{"href":"https:\/\/nourzl.com\/wp\/wp-json\/wp\/v2\/product\/47871","targetHints":{"allow":["GET"]}}],"collection":[{"href":"https:\/\/nourzl.com\/wp\/wp-json\/wp\/v2\/product"}],"about":[{"href":"https:\/\/nourzl.com\/wp\/wp-json\/wp\/v2\/types\/product"}],"wp:featuredmedia":[{"embeddable":true,"href":"https:\/\/nourzl.com\/wp\/wp-json\/wp\/v2\/media\/47869"}],"wp:attachment":[{"href":"https:\/\/nourzl.com\/wp\/wp-json\/wp\/v2\/media?parent=47871"}],"wp:term":[{"taxonomy":"product_brand","embeddable":true,"href":"https:\/\/nourzl.com\/wp\/wp-json\/wp\/v2\/product_brand?post=47871"},{"taxonomy":"product_cat","embeddable":true,"href":"https:\/\/nourzl.com\/wp\/wp-json\/wp\/v2\/product_cat?post=47871"},{"taxonomy":"product_tag","embeddable":true,"href":"https:\/\/nourzl.com\/wp\/wp-json\/wp\/v2\/product_tag?post=47871"}],"curies":[{"name":"wp","href":"https:\/\/api.w.org\/{rel}","templated":true}]}}