{"id":47787,"date":"2026-02-09T17:47:46","date_gmt":"2026-02-09T17:47:46","guid":{"rendered":"https:\/\/nourzl.com\/wp\/product\/extractor-d-grasa-negra-drija\/"},"modified":"2026-04-04T20:34:07","modified_gmt":"2026-04-04T20:34:07","slug":"extractor-d-grasa-negra-drija","status":"publish","type":"product","link":"https:\/\/nourzl.com\/wp\/product\/extractor-d-grasa-negra-drija\/","title":{"rendered":"EXTRACTOR D\/GRASA  NEGRA DRIJA"},"content":{"rendered":"<p>Colores disponibles: acero inoxidable, blanca, negra, el flujo de aire es hasta 220m3\/h, iluminaci\u00f3n LED  3 velocidades con bot\u00f3n, pulsador, 1 Pieza de filtro de carb\u00f3n, 2 filtros de aluminio lavables, potencia del motor 130Watts, alimentaci\u00f3n 110V-120V &#8211; 60 Hz.<\/p>\n","protected":false},"excerpt":{"rendered":"<p>EXTRACTOR D\/GRASA  NEGRA DRIJA<\/p>\n","protected":false},"featured_media":164935,"template":"","meta":[],"product_brand":[],"product_cat":[1670,1588],"product_tag":[2222],"class_list":{"0":"post-47787","1":"product","2":"type-product","3":"status-publish","4":"has-post-thumbnail","6":"product_cat-extractor-de-grasa","7":"product_cat-linea-blanca","8":"product_tag-cooker-hood-extractor-drija","10":"first","11":"instock","12":"shipping-taxable","13":"purchasable","14":"product-type-simple"},"jetpack_sharing_enabled":true,"_links":{"self":[{"href":"https:\/\/nourzl.com\/wp\/wp-json\/wp\/v2\/product\/47787","targetHints":{"allow":["GET"]}}],"collection":[{"href":"https:\/\/nourzl.com\/wp\/wp-json\/wp\/v2\/product"}],"about":[{"href":"https:\/\/nourzl.com\/wp\/wp-json\/wp\/v2\/types\/product"}],"wp:featuredmedia":[{"embeddable":true,"href":"https:\/\/nourzl.com\/wp\/wp-json\/wp\/v2\/media\/164935"}],"wp:attachment":[{"href":"https:\/\/nourzl.com\/wp\/wp-json\/wp\/v2\/media?parent=47787"}],"wp:term":[{"taxonomy":"product_brand","embeddable":true,"href":"https:\/\/nourzl.com\/wp\/wp-json\/wp\/v2\/product_brand?post=47787"},{"taxonomy":"product_cat","embeddable":true,"href":"https:\/\/nourzl.com\/wp\/wp-json\/wp\/v2\/product_cat?post=47787"},{"taxonomy":"product_tag","embeddable":true,"href":"https:\/\/nourzl.com\/wp\/wp-json\/wp\/v2\/product_tag?post=47787"}],"curies":[{"name":"wp","href":"https:\/\/api.w.org\/{rel}","templated":true}]}}