{"id":47734,"date":"2026-02-09T17:47:01","date_gmt":"2026-02-09T17:47:01","guid":{"rendered":"https:\/\/nourzl.com\/wp\/product\/secador-de-cabello-one-1900w-remington\/"},"modified":"2026-04-04T20:34:43","modified_gmt":"2026-04-04T20:34:43","slug":"secador-de-cabello-one-1900w-remington","status":"publish","type":"product","link":"https:\/\/nourzl.com\/wp\/product\/secador-de-cabello-one-1900w-remington\/","title":{"rendered":"SECADOR DE CABELLO ONE 1900W REMINGTON"},"content":{"rendered":"<p>Secador de cabello de 1900 watts, Motor DC 127v, frecuencia 60Hz, 1.9 kWh, 3 ajustes de temperatura, 2 ajustes de velocidad, r\u00e1faga de aire fr\u00edo, barril 50% m\u00e1s corto para mayor precisi\u00f3n y control.<\/p>\n","protected":false},"excerpt":{"rendered":"<p>SECADOR DE CABELLO ONE 1900W REMINGTON<\/p>\n","protected":false},"featured_media":164961,"template":"","meta":[],"product_brand":[],"product_cat":[1591,1597],"product_tag":[2208],"class_list":{"0":"post-47734","1":"product","2":"type-product","3":"status-publish","4":"has-post-thumbnail","6":"product_cat-cuidado-personal","7":"product_cat-secador-de-cabello","8":"product_tag-hair-drier-one-1900w-remington","10":"first","11":"instock","12":"shipping-taxable","13":"purchasable","14":"product-type-simple"},"jetpack_sharing_enabled":true,"_links":{"self":[{"href":"https:\/\/nourzl.com\/wp\/wp-json\/wp\/v2\/product\/47734","targetHints":{"allow":["GET"]}}],"collection":[{"href":"https:\/\/nourzl.com\/wp\/wp-json\/wp\/v2\/product"}],"about":[{"href":"https:\/\/nourzl.com\/wp\/wp-json\/wp\/v2\/types\/product"}],"wp:featuredmedia":[{"embeddable":true,"href":"https:\/\/nourzl.com\/wp\/wp-json\/wp\/v2\/media\/164961"}],"wp:attachment":[{"href":"https:\/\/nourzl.com\/wp\/wp-json\/wp\/v2\/media?parent=47734"}],"wp:term":[{"taxonomy":"product_brand","embeddable":true,"href":"https:\/\/nourzl.com\/wp\/wp-json\/wp\/v2\/product_brand?post=47734"},{"taxonomy":"product_cat","embeddable":true,"href":"https:\/\/nourzl.com\/wp\/wp-json\/wp\/v2\/product_cat?post=47734"},{"taxonomy":"product_tag","embeddable":true,"href":"https:\/\/nourzl.com\/wp\/wp-json\/wp\/v2\/product_tag?post=47734"}],"curies":[{"name":"wp","href":"https:\/\/api.w.org\/{rel}","templated":true}]}}