{"id":47572,"date":"2026-02-09T17:44:23","date_gmt":"2026-02-09T17:44:23","guid":{"rendered":"https:\/\/nourzl.com\/wp\/product\/barbera-royal-6\/"},"modified":"2026-04-04T20:36:32","modified_gmt":"2026-04-04T20:36:32","slug":"barbera-royal-6","status":"publish","type":"product","link":"https:\/\/nourzl.com\/wp\/product\/barbera-royal-6\/","title":{"rendered":"BARBERA ROYAL"},"content":{"rendered":"<p>Trimmer inal\u00e1mbrico 5v, 8 accesorios, bater\u00eda de litio de 1200mAh, tiempo de carga 2 h, tiempo de operaci\u00f3n continua 180 min, poder 5 watts, pantalla led, 6500 rmp, pantalla led que detalla tiempo de carga, energ\u00eda disponible y lubricaci\u00f3n, incluye 4 peines #1, #2, #3 y #4.  <\/p>\n","protected":false},"excerpt":{"rendered":"<p>BARBERA ROYAL<\/p>\n","protected":false},"featured_media":165032,"template":"","meta":[],"product_brand":[],"product_cat":[1593,1591],"product_tag":[2008],"class_list":{"0":"post-47572","1":"product","2":"type-product","3":"status-publish","4":"has-post-thumbnail","6":"product_cat-barberas","7":"product_cat-cuidado-personal","8":"product_tag-barber-royal","10":"first","11":"instock","12":"shipping-taxable","13":"purchasable","14":"product-type-simple"},"jetpack_sharing_enabled":true,"_links":{"self":[{"href":"https:\/\/nourzl.com\/wp\/wp-json\/wp\/v2\/product\/47572","targetHints":{"allow":["GET"]}}],"collection":[{"href":"https:\/\/nourzl.com\/wp\/wp-json\/wp\/v2\/product"}],"about":[{"href":"https:\/\/nourzl.com\/wp\/wp-json\/wp\/v2\/types\/product"}],"wp:featuredmedia":[{"embeddable":true,"href":"https:\/\/nourzl.com\/wp\/wp-json\/wp\/v2\/media\/165032"}],"wp:attachment":[{"href":"https:\/\/nourzl.com\/wp\/wp-json\/wp\/v2\/media?parent=47572"}],"wp:term":[{"taxonomy":"product_brand","embeddable":true,"href":"https:\/\/nourzl.com\/wp\/wp-json\/wp\/v2\/product_brand?post=47572"},{"taxonomy":"product_cat","embeddable":true,"href":"https:\/\/nourzl.com\/wp\/wp-json\/wp\/v2\/product_cat?post=47572"},{"taxonomy":"product_tag","embeddable":true,"href":"https:\/\/nourzl.com\/wp\/wp-json\/wp\/v2\/product_tag?post=47572"}],"curies":[{"name":"wp","href":"https:\/\/api.w.org\/{rel}","templated":true}]}}