{"id":47558,"date":"2026-02-09T17:44:14","date_gmt":"2026-02-09T17:44:14","guid":{"rendered":"https:\/\/nourzl.com\/wp\/product\/extractor-d-grasa-24-negra-drija\/"},"modified":"2026-04-04T20:36:38","modified_gmt":"2026-04-04T20:36:38","slug":"extractor-d-grasa-24-negra-drija","status":"publish","type":"product","link":"https:\/\/nourzl.com\/wp\/product\/extractor-d-grasa-24-negra-drija\/","title":{"rendered":"EXTRACTOR D\/GRASA 24&#8243; NEGRA DRIJA"},"content":{"rendered":"<p>Colores disponibles acero inoxidable, negra, flujo de aire es hasta 260m3\/h, iluminaci\u00f3n LED  3 velocidades con bot\u00f3n pulsador,1 pieza de filtro de carb\u00f3n, 2 filtros de aluminio lavables,  potencia del motor 130Watts, alimentaci\u00f3n 110V-120V, frecuencia 60hz.<\/p>\n","protected":false},"excerpt":{"rendered":"<p>EXTRACTOR D\/GRASA 24&#8243; NEGRA DRIJA<\/p>\n","protected":false},"featured_media":165041,"template":"","meta":[],"product_brand":[],"product_cat":[1670,1588],"product_tag":[1735],"class_list":{"0":"post-47558","1":"product","2":"type-product","3":"status-publish","4":"has-post-thumbnail","6":"product_cat-extractor-de-grasa","7":"product_cat-linea-blanca","8":"product_tag-cooker-hood-extractor-36-drija","10":"first","11":"instock","12":"shipping-taxable","13":"purchasable","14":"product-type-simple"},"jetpack_sharing_enabled":true,"_links":{"self":[{"href":"https:\/\/nourzl.com\/wp\/wp-json\/wp\/v2\/product\/47558","targetHints":{"allow":["GET"]}}],"collection":[{"href":"https:\/\/nourzl.com\/wp\/wp-json\/wp\/v2\/product"}],"about":[{"href":"https:\/\/nourzl.com\/wp\/wp-json\/wp\/v2\/types\/product"}],"wp:featuredmedia":[{"embeddable":true,"href":"https:\/\/nourzl.com\/wp\/wp-json\/wp\/v2\/media\/165041"}],"wp:attachment":[{"href":"https:\/\/nourzl.com\/wp\/wp-json\/wp\/v2\/media?parent=47558"}],"wp:term":[{"taxonomy":"product_brand","embeddable":true,"href":"https:\/\/nourzl.com\/wp\/wp-json\/wp\/v2\/product_brand?post=47558"},{"taxonomy":"product_cat","embeddable":true,"href":"https:\/\/nourzl.com\/wp\/wp-json\/wp\/v2\/product_cat?post=47558"},{"taxonomy":"product_tag","embeddable":true,"href":"https:\/\/nourzl.com\/wp\/wp-json\/wp\/v2\/product_tag?post=47558"}],"curies":[{"name":"wp","href":"https:\/\/api.w.org\/{rel}","templated":true}]}}