{"id":47276,"date":"2026-02-09T17:39:16","date_gmt":"2026-02-09T17:39:16","guid":{"rendered":"https:\/\/nourzl.com\/wp\/product\/sarten-induccion-22cm-royal\/"},"modified":"2026-04-04T20:39:17","modified_gmt":"2026-04-04T20:39:17","slug":"sarten-induccion-22cm-royal","status":"publish","type":"product","link":"https:\/\/nourzl.com\/wp\/product\/sarten-induccion-22cm-royal\/","title":{"rendered":"SARTEN INDUCCION 22CM ROYAL"},"content":{"rendered":"<p>Sart\u00e9n en aluminio dise\u00f1ado para una distribuci\u00f3n uniforme del calor, su interior esta revestimiento de cer\u00e1mico, cocina saludable, exterior de color brillante y resistente al calor, mango seguro y f\u00e1cil de agarrar, no contiene PFOA, cadmio ni Plomo.<\/p>\n","protected":false},"excerpt":{"rendered":"<p>SARTEN INDUCCION 22CM ROYAL<\/p>\n","protected":false},"featured_media":165186,"template":"","meta":[],"product_brand":[],"product_cat":[1587,1659],"product_tag":[2077],"class_list":{"0":"post-47276","1":"product","2":"type-product","3":"status-publish","4":"has-post-thumbnail","6":"product_cat-hogar","7":"product_cat-ollas-cacerolas","8":"product_tag-induction-pan-22cm-royal","10":"first","11":"instock","12":"shipping-taxable","13":"purchasable","14":"product-type-simple"},"jetpack_sharing_enabled":true,"_links":{"self":[{"href":"https:\/\/nourzl.com\/wp\/wp-json\/wp\/v2\/product\/47276","targetHints":{"allow":["GET"]}}],"collection":[{"href":"https:\/\/nourzl.com\/wp\/wp-json\/wp\/v2\/product"}],"about":[{"href":"https:\/\/nourzl.com\/wp\/wp-json\/wp\/v2\/types\/product"}],"wp:featuredmedia":[{"embeddable":true,"href":"https:\/\/nourzl.com\/wp\/wp-json\/wp\/v2\/media\/165186"}],"wp:attachment":[{"href":"https:\/\/nourzl.com\/wp\/wp-json\/wp\/v2\/media?parent=47276"}],"wp:term":[{"taxonomy":"product_brand","embeddable":true,"href":"https:\/\/nourzl.com\/wp\/wp-json\/wp\/v2\/product_brand?post=47276"},{"taxonomy":"product_cat","embeddable":true,"href":"https:\/\/nourzl.com\/wp\/wp-json\/wp\/v2\/product_cat?post=47276"},{"taxonomy":"product_tag","embeddable":true,"href":"https:\/\/nourzl.com\/wp\/wp-json\/wp\/v2\/product_tag?post=47276"}],"curies":[{"name":"wp","href":"https:\/\/api.w.org\/{rel}","templated":true}]}}