{"id":47165,"date":"2026-02-09T17:37:40","date_gmt":"2026-02-09T17:37:40","guid":{"rendered":"https:\/\/nourzl.com\/wp\/product\/centro-lavado-22k-elec-bespoke-samsung\/"},"modified":"2026-04-04T20:40:27","modified_gmt":"2026-04-04T20:40:27","slug":"centro-lavado-22k-elec-bespoke-samsung","status":"publish","type":"product","link":"https:\/\/nourzl.com\/wp\/product\/centro-lavado-22k-elec-bespoke-samsung\/","title":{"rendered":"CENTRO LAVADO 22K ELEC BESPOKE SAMSUNG"},"content":{"rendered":"<p>Centro de lavado el\u00e9ctrico con capacidad de 22kg, control tactil y pantalla led, con bloqueo para ni\u00f1os, luz en el interior del tambor, voltage 120-240v, frecuencia 60Hz, consumo 110kWh\/ a\u00f1o, consumo de la secadora 5400w, consumo de la lavadora 1000 w, protecci\u00f3n el\u00e9ctrica ipx4, capacidad volum\u00e9trica 128.9 litros. <\/p>\n","protected":false},"excerpt":{"rendered":"<p>CENTRO LAVADO 22K ELEC BESPOKE SAMSUNG<\/p>\n","protected":false},"featured_media":165245,"template":"","meta":[],"product_brand":[],"product_cat":[1672,1588],"product_tag":[2036],"class_list":{"0":"post-47165","1":"product","2":"type-product","3":"status-publish","4":"has-post-thumbnail","6":"product_cat-lavadoras-linea-blanca","7":"product_cat-linea-blanca","8":"product_tag-washing-center-22k-elec-bespoke-samsung","10":"first","11":"instock","12":"shipping-taxable","13":"purchasable","14":"product-type-simple"},"jetpack_sharing_enabled":true,"_links":{"self":[{"href":"https:\/\/nourzl.com\/wp\/wp-json\/wp\/v2\/product\/47165","targetHints":{"allow":["GET"]}}],"collection":[{"href":"https:\/\/nourzl.com\/wp\/wp-json\/wp\/v2\/product"}],"about":[{"href":"https:\/\/nourzl.com\/wp\/wp-json\/wp\/v2\/types\/product"}],"wp:featuredmedia":[{"embeddable":true,"href":"https:\/\/nourzl.com\/wp\/wp-json\/wp\/v2\/media\/165245"}],"wp:attachment":[{"href":"https:\/\/nourzl.com\/wp\/wp-json\/wp\/v2\/media?parent=47165"}],"wp:term":[{"taxonomy":"product_brand","embeddable":true,"href":"https:\/\/nourzl.com\/wp\/wp-json\/wp\/v2\/product_brand?post=47165"},{"taxonomy":"product_cat","embeddable":true,"href":"https:\/\/nourzl.com\/wp\/wp-json\/wp\/v2\/product_cat?post=47165"},{"taxonomy":"product_tag","embeddable":true,"href":"https:\/\/nourzl.com\/wp\/wp-json\/wp\/v2\/product_tag?post=47165"}],"curies":[{"name":"wp","href":"https:\/\/api.w.org\/{rel}","templated":true}]}}