{"id":47143,"date":"2026-02-09T17:37:20","date_gmt":"2026-02-09T17:37:20","guid":{"rendered":"https:\/\/nourzl.com\/wp\/product\/dispensador-agua-sup-inf-negro-silver-royal\/"},"modified":"2026-04-04T20:40:40","modified_gmt":"2026-04-04T20:40:40","slug":"dispensador-agua-sup-inf-negro-silver-royal","status":"publish","type":"product","link":"https:\/\/nourzl.com\/wp\/product\/dispensador-agua-sup-inf-negro-silver-royal\/","title":{"rendered":"DISPENSADOR AGUA SUP\/INF NEGRO\/SILVER ROYAL"},"content":{"rendered":"<p>Enfriador de agua vertical de 110v,  frecuencia 60Hz, poder 480watts, amperaje 1.4A, agua fr\u00eda  90\u00b0C 5 litro\/ hora, humedad &lt;90%, refrigerante R134A (cantidad de gas 30g, protecci\u00f3n el\u00e9ctrica IPX1, climatizaci\u00f3n tropical.<\/p>\n","protected":false},"excerpt":{"rendered":"<p>DISPENSADOR AGUA SUP\/INF NEGRO\/SILVER ROYAL<\/p>\n","protected":false},"featured_media":165255,"template":"","meta":[],"product_brand":[],"product_cat":[1668,1588],"product_tag":[1700],"class_list":{"0":"post-47143","1":"product","2":"type-product","3":"status-publish","4":"has-post-thumbnail","6":"product_cat-enfriadores-de-agua-linea-blanca","7":"product_cat-linea-blanca","8":"product_tag-water-cooler-white-royal","10":"first","11":"instock","12":"shipping-taxable","13":"purchasable","14":"product-type-simple"},"jetpack_sharing_enabled":true,"_links":{"self":[{"href":"https:\/\/nourzl.com\/wp\/wp-json\/wp\/v2\/product\/47143","targetHints":{"allow":["GET"]}}],"collection":[{"href":"https:\/\/nourzl.com\/wp\/wp-json\/wp\/v2\/product"}],"about":[{"href":"https:\/\/nourzl.com\/wp\/wp-json\/wp\/v2\/types\/product"}],"wp:featuredmedia":[{"embeddable":true,"href":"https:\/\/nourzl.com\/wp\/wp-json\/wp\/v2\/media\/165255"}],"wp:attachment":[{"href":"https:\/\/nourzl.com\/wp\/wp-json\/wp\/v2\/media?parent=47143"}],"wp:term":[{"taxonomy":"product_brand","embeddable":true,"href":"https:\/\/nourzl.com\/wp\/wp-json\/wp\/v2\/product_brand?post=47143"},{"taxonomy":"product_cat","embeddable":true,"href":"https:\/\/nourzl.com\/wp\/wp-json\/wp\/v2\/product_cat?post=47143"},{"taxonomy":"product_tag","embeddable":true,"href":"https:\/\/nourzl.com\/wp\/wp-json\/wp\/v2\/product_tag?post=47143"}],"curies":[{"name":"wp","href":"https:\/\/api.w.org\/{rel}","templated":true}]}}