{"id":47055,"date":"2026-02-09T17:36:09","date_gmt":"2026-02-09T17:36:09","guid":{"rendered":"https:\/\/nourzl.com\/wp\/product\/congelador-10-280l-acero-vertical-royal\/"},"modified":"2026-04-03T23:41:57","modified_gmt":"2026-04-03T23:41:57","slug":"congelador-10-280l-acero-vertical-royal","status":"publish","type":"product","link":"https:\/\/nourzl.com\/wp\/product\/congelador-10-280l-acero-vertical-royal\/","title":{"rendered":"CONGELADOR 10&#8242; 280L ACERO\/VERTICAL ROYAL"},"content":{"rendered":"<p>Congelador vertical de 10p3( 280L, control tactil, estantes de pl\u00e1sticos, voltage 115v, frecuencia 60Hz, intensidad 1.3 amp, potencia 140w, refrigerante r600a(38 gramos, protecci\u00f3n el\u00e9ctrica tipo I, consumo 481 kWh\/ a\u00f1o.  <\/p>\n","protected":false},"excerpt":{"rendered":"<p>CONGELADOR 10&#8242; 280L ACERO\/VERTICAL ROYAL<\/p>\n","protected":false},"featured_media":164273,"template":"","meta":[],"product_brand":[],"product_cat":[1667,1588],"product_tag":[1995],"class_list":{"0":"post-47055","1":"product","2":"type-product","3":"status-publish","4":"has-post-thumbnail","6":"product_cat-congelador","7":"product_cat-linea-blanca","8":"product_tag-chest-freezer-10-vertical-steel-royal","10":"first","11":"instock","12":"shipping-taxable","13":"purchasable","14":"product-type-simple"},"jetpack_sharing_enabled":true,"_links":{"self":[{"href":"https:\/\/nourzl.com\/wp\/wp-json\/wp\/v2\/product\/47055","targetHints":{"allow":["GET"]}}],"collection":[{"href":"https:\/\/nourzl.com\/wp\/wp-json\/wp\/v2\/product"}],"about":[{"href":"https:\/\/nourzl.com\/wp\/wp-json\/wp\/v2\/types\/product"}],"wp:featuredmedia":[{"embeddable":true,"href":"https:\/\/nourzl.com\/wp\/wp-json\/wp\/v2\/media\/164273"}],"wp:attachment":[{"href":"https:\/\/nourzl.com\/wp\/wp-json\/wp\/v2\/media?parent=47055"}],"wp:term":[{"taxonomy":"product_brand","embeddable":true,"href":"https:\/\/nourzl.com\/wp\/wp-json\/wp\/v2\/product_brand?post=47055"},{"taxonomy":"product_cat","embeddable":true,"href":"https:\/\/nourzl.com\/wp\/wp-json\/wp\/v2\/product_cat?post=47055"},{"taxonomy":"product_tag","embeddable":true,"href":"https:\/\/nourzl.com\/wp\/wp-json\/wp\/v2\/product_tag?post=47055"}],"curies":[{"name":"wp","href":"https:\/\/api.w.org\/{rel}","templated":true}]}}