{"id":46942,"date":"2026-02-09T17:34:21","date_gmt":"2026-02-09T17:34:21","guid":{"rendered":"https:\/\/nourzl.com\/wp\/product\/calentador-d-agua-a-gas-16l-royal-2\/"},"modified":"2026-04-03T23:43:08","modified_gmt":"2026-04-03T23:43:08","slug":"calentador-d-agua-a-gas-16l-royal-2","status":"publish","type":"product","link":"https:\/\/nourzl.com\/wp\/product\/calentador-d-agua-a-gas-16l-royal-2\/","title":{"rendered":"CALENTADOR D\/AGUA A GAS 16L ROYAL"},"content":{"rendered":"<p>Calentador de agua de 16 litros por minutos, tipo de gas LPG, protecci\u00f3n de apagado contra llama, protecci\u00f3n por sobrepresi\u00f3n de agua, dispositivo de protecci\u00f3n contra combusti\u00f3n seca, protecci\u00f3n anti congelante, funci\u00f3n de arranque contra presi\u00f3n de agua, sistema de ahorro de energ\u00eda, presi\u00f3n 2800Pa, entrada nominal 32kW, presi\u00f3n de agua aplicable 0.025- 0.8Mpa,   <\/p>\n","protected":false},"excerpt":{"rendered":"<p>CALENTADOR D\/AGUA A GAS 16L ROYAL<\/p>\n","protected":false},"featured_media":164326,"template":"","meta":[],"product_brand":[],"product_cat":[1666,1588],"product_tag":[1950],"class_list":{"0":"post-46942","1":"product","2":"type-product","3":"status-publish","4":"has-post-thumbnail","6":"product_cat-calentador-de-agua","7":"product_cat-linea-blanca","8":"product_tag-water-heater-16l-royal","10":"first","11":"instock","12":"shipping-taxable","13":"purchasable","14":"product-type-simple"},"jetpack_sharing_enabled":true,"_links":{"self":[{"href":"https:\/\/nourzl.com\/wp\/wp-json\/wp\/v2\/product\/46942","targetHints":{"allow":["GET"]}}],"collection":[{"href":"https:\/\/nourzl.com\/wp\/wp-json\/wp\/v2\/product"}],"about":[{"href":"https:\/\/nourzl.com\/wp\/wp-json\/wp\/v2\/types\/product"}],"wp:featuredmedia":[{"embeddable":true,"href":"https:\/\/nourzl.com\/wp\/wp-json\/wp\/v2\/media\/164326"}],"wp:attachment":[{"href":"https:\/\/nourzl.com\/wp\/wp-json\/wp\/v2\/media?parent=46942"}],"wp:term":[{"taxonomy":"product_brand","embeddable":true,"href":"https:\/\/nourzl.com\/wp\/wp-json\/wp\/v2\/product_brand?post=46942"},{"taxonomy":"product_cat","embeddable":true,"href":"https:\/\/nourzl.com\/wp\/wp-json\/wp\/v2\/product_cat?post=46942"},{"taxonomy":"product_tag","embeddable":true,"href":"https:\/\/nourzl.com\/wp\/wp-json\/wp\/v2\/product_tag?post=46942"}],"curies":[{"name":"wp","href":"https:\/\/api.w.org\/{rel}","templated":true}]}}