{"id":46854,"date":"2026-02-09T17:33:11","date_gmt":"2026-02-09T17:33:11","guid":{"rendered":"https:\/\/nourzl.com\/wp\/product\/olla-presion-9ltr-26cc-induccion-royal\/"},"modified":"2026-04-03T23:43:57","modified_gmt":"2026-04-03T23:43:57","slug":"olla-presion-9ltr-26cc-induccion-royal","status":"publish","type":"product","link":"https:\/\/nourzl.com\/wp\/product\/olla-presion-9ltr-26cc-induccion-royal\/","title":{"rendered":"OLLA PRESION 9LTR\/26CC INDUCCION ROYAL"},"content":{"rendered":"<p>Olla de presi\u00f3n cient\u00edficamente confiable y segura, f\u00e1cil de abrir y cerrar tapa con confianza, sello de caucho que dura hasta 5 a\u00f1os, la olla se puede usar en estufas de inducci\u00f3n, asas fr\u00edas al tacto, estructura de aluminio, dise\u00f1ada para ser usada en estufa de gas, inducci\u00f3n y el\u00e9ctrica. <\/p>\n","protected":false},"excerpt":{"rendered":"<p>OLLA PRESION 9LTR\/26CC INDUCCION ROYAL<\/p>\n","protected":false},"featured_media":164373,"template":"","meta":[],"product_brand":[],"product_cat":[1589,1616],"product_tag":[1919],"class_list":{"0":"post-46854","1":"product","2":"type-product","3":"status-publish","4":"has-post-thumbnail","6":"product_cat-electrodomesticos","7":"product_cat-ollas-de-presion","8":"product_tag-pressure-cooker-9ltr-26cc-induction-royal","10":"first","11":"instock","12":"shipping-taxable","13":"purchasable","14":"product-type-simple"},"jetpack_sharing_enabled":true,"_links":{"self":[{"href":"https:\/\/nourzl.com\/wp\/wp-json\/wp\/v2\/product\/46854","targetHints":{"allow":["GET"]}}],"collection":[{"href":"https:\/\/nourzl.com\/wp\/wp-json\/wp\/v2\/product"}],"about":[{"href":"https:\/\/nourzl.com\/wp\/wp-json\/wp\/v2\/types\/product"}],"wp:featuredmedia":[{"embeddable":true,"href":"https:\/\/nourzl.com\/wp\/wp-json\/wp\/v2\/media\/164373"}],"wp:attachment":[{"href":"https:\/\/nourzl.com\/wp\/wp-json\/wp\/v2\/media?parent=46854"}],"wp:term":[{"taxonomy":"product_brand","embeddable":true,"href":"https:\/\/nourzl.com\/wp\/wp-json\/wp\/v2\/product_brand?post=46854"},{"taxonomy":"product_cat","embeddable":true,"href":"https:\/\/nourzl.com\/wp\/wp-json\/wp\/v2\/product_cat?post=46854"},{"taxonomy":"product_tag","embeddable":true,"href":"https:\/\/nourzl.com\/wp\/wp-json\/wp\/v2\/product_tag?post=46854"}],"curies":[{"name":"wp","href":"https:\/\/api.w.org\/{rel}","templated":true}]}}