{"id":46846,"date":"2026-02-09T17:33:04","date_gmt":"2026-02-09T17:33:04","guid":{"rendered":"https:\/\/nourzl.com\/wp\/product\/microonda-1-0-negro-royal\/"},"modified":"2026-02-09T17:33:04","modified_gmt":"2026-02-09T17:33:04","slug":"microonda-1-0-negro-royal","status":"publish","type":"product","link":"https:\/\/nourzl.com\/wp\/product\/microonda-1-0-negro-royal\/","title":{"rendered":"MICROONDA 1.0&#8242; NEGRO ROYAL"},"content":{"rendered":"<p>Microondas 1.0p3, pantalla led, descongelamientos por tiempo y peso, temporizador de cesi\u00f3n y reloj, 11 de potencia, 6 botones de men\u00fa para configuraci\u00f3n r\u00e1pida, teclado tactil, funci\u00f3n de bloqueo para la seguridad de los ni\u00f1os, 900 vatios, voltage 120v, frecuencia 60Hz, entrada 1400 watts, frecuencia 2450MHz.<\/p>\n","protected":false},"excerpt":{"rendered":"<p>MICROONDA 1.0&#8242; NEGRO ROYAL<\/p>\n","protected":false},"featured_media":46845,"template":"","meta":[],"product_brand":[],"product_cat":[1588,1675],"product_tag":[1915],"class_list":{"0":"post-46846","1":"product","2":"type-product","3":"status-publish","4":"has-post-thumbnail","6":"product_cat-linea-blanca","7":"product_cat-microondas","8":"product_tag-microwave-1-0-black-royal","10":"first","11":"instock","12":"shipping-taxable","13":"purchasable","14":"product-type-simple"},"jetpack_sharing_enabled":true,"_links":{"self":[{"href":"https:\/\/nourzl.com\/wp\/wp-json\/wp\/v2\/product\/46846","targetHints":{"allow":["GET"]}}],"collection":[{"href":"https:\/\/nourzl.com\/wp\/wp-json\/wp\/v2\/product"}],"about":[{"href":"https:\/\/nourzl.com\/wp\/wp-json\/wp\/v2\/types\/product"}],"wp:featuredmedia":[{"embeddable":true,"href":"https:\/\/nourzl.com\/wp\/wp-json\/wp\/v2\/media\/46845"}],"wp:attachment":[{"href":"https:\/\/nourzl.com\/wp\/wp-json\/wp\/v2\/media?parent=46846"}],"wp:term":[{"taxonomy":"product_brand","embeddable":true,"href":"https:\/\/nourzl.com\/wp\/wp-json\/wp\/v2\/product_brand?post=46846"},{"taxonomy":"product_cat","embeddable":true,"href":"https:\/\/nourzl.com\/wp\/wp-json\/wp\/v2\/product_cat?post=46846"},{"taxonomy":"product_tag","embeddable":true,"href":"https:\/\/nourzl.com\/wp\/wp-json\/wp\/v2\/product_tag?post=46846"}],"curies":[{"name":"wp","href":"https:\/\/api.w.org\/{rel}","templated":true}]}}