{"id":46787,"date":"2026-02-09T17:32:14","date_gmt":"2026-02-09T17:32:14","guid":{"rendered":"https:\/\/nourzl.com\/wp\/product\/lavadora-24k-invert-samsung-blanca\/"},"modified":"2026-04-03T23:44:34","modified_gmt":"2026-04-03T23:44:34","slug":"lavadora-24k-invert-samsung-blanca","status":"publish","type":"product","link":"https:\/\/nourzl.com\/wp\/product\/lavadora-24k-invert-samsung-blanca\/","title":{"rendered":"LAVADORA 24K INVERT. SAMSUNG BLANCA"},"content":{"rendered":"<p>Lavadora autom\u00e1tica de 24kg, puerta de vidrio templado, pantalla de mando  tipo lcd, seguro para ni\u00f1os, velocidad de centrifugado 700 rpm, 10 niveles de agua, voltage 120v, frecuencia 60Hz, consumo 520 kWh\/a\u00f1o, consumo de agua 280 litros\/ ciclo, capacidad volum\u00e9trica 145.66 litros, protecci\u00f3n el\u00e9ctrica tipo IPX4. <\/p>\n","protected":false},"excerpt":{"rendered":"<p>LAVADORA 24K INVERT. SAMSUNG BLANCA<\/p>\n","protected":false},"featured_media":164405,"template":"","meta":[],"product_brand":[],"product_cat":[1672,1588],"product_tag":[1893],"class_list":{"0":"post-46787","1":"product","2":"type-product","3":"status-publish","4":"has-post-thumbnail","6":"product_cat-lavadoras-linea-blanca","7":"product_cat-linea-blanca","8":"product_tag-inverter-24k-washer-samsung-white","10":"first","11":"instock","12":"shipping-taxable","13":"purchasable","14":"product-type-simple"},"jetpack_sharing_enabled":true,"_links":{"self":[{"href":"https:\/\/nourzl.com\/wp\/wp-json\/wp\/v2\/product\/46787","targetHints":{"allow":["GET"]}}],"collection":[{"href":"https:\/\/nourzl.com\/wp\/wp-json\/wp\/v2\/product"}],"about":[{"href":"https:\/\/nourzl.com\/wp\/wp-json\/wp\/v2\/types\/product"}],"wp:featuredmedia":[{"embeddable":true,"href":"https:\/\/nourzl.com\/wp\/wp-json\/wp\/v2\/media\/164405"}],"wp:attachment":[{"href":"https:\/\/nourzl.com\/wp\/wp-json\/wp\/v2\/media?parent=46787"}],"wp:term":[{"taxonomy":"product_brand","embeddable":true,"href":"https:\/\/nourzl.com\/wp\/wp-json\/wp\/v2\/product_brand?post=46787"},{"taxonomy":"product_cat","embeddable":true,"href":"https:\/\/nourzl.com\/wp\/wp-json\/wp\/v2\/product_cat?post=46787"},{"taxonomy":"product_tag","embeddable":true,"href":"https:\/\/nourzl.com\/wp\/wp-json\/wp\/v2\/product_tag?post=46787"}],"curies":[{"name":"wp","href":"https:\/\/api.w.org\/{rel}","templated":true}]}}