{"id":46697,"date":"2026-02-09T17:31:00","date_gmt":"2026-02-09T17:31:00","guid":{"rendered":"https:\/\/nourzl.com\/wp\/product\/estufa-a-gas-30-vitro-acero-drija\/"},"modified":"2026-04-03T23:45:26","modified_gmt":"2026-04-03T23:45:26","slug":"estufa-a-gas-30-vitro-acero-drija","status":"publish","type":"product","link":"https:\/\/nourzl.com\/wp\/product\/estufa-a-gas-30-vitro-acero-drija\/","title":{"rendered":"ESTUFA A GAS 30&#8243; VITRO-ACERO DRIJA"},"content":{"rendered":"<p>Estufa a gas vitrocer\u00e1mica-acero, negro, encendido el\u00e9ctrico, 5 v\u00e1lvulas de seguridad, 5 boquillas de gas propano, parrillas de hierro colado, perillas met\u00e1licas, 1 porta wok, 5 hornillas de cocci\u00f3n, 1 hornilla triple corona, 2 hornilla semi r\u00e1pido, 1 hornilla r\u00e1pida, 1 hornilla auxiliar, panel de espejo decorativa, voltage 110-240v, frecuencia 50-60Hz, 1 kit de accesorios para conversi\u00f3n: 5 boquillas y un codo para gas natural.<\/p>\n","protected":false},"excerpt":{"rendered":"<p>ESTUFA A GAS 30&#8243; VITRO-ACERO DRIJA<\/p>\n","protected":false},"featured_media":164448,"template":"","meta":[],"product_brand":[],"product_cat":[1669,1588],"product_tag":[1862],"class_list":{"0":"post-46697","1":"product","2":"type-product","3":"status-publish","4":"has-post-thumbnail","6":"product_cat-estufas-linea-blanca","7":"product_cat-linea-blanca","8":"product_tag-gas-stove-30-drija","10":"first","11":"instock","12":"shipping-taxable","13":"purchasable","14":"product-type-simple"},"jetpack_sharing_enabled":true,"_links":{"self":[{"href":"https:\/\/nourzl.com\/wp\/wp-json\/wp\/v2\/product\/46697","targetHints":{"allow":["GET"]}}],"collection":[{"href":"https:\/\/nourzl.com\/wp\/wp-json\/wp\/v2\/product"}],"about":[{"href":"https:\/\/nourzl.com\/wp\/wp-json\/wp\/v2\/types\/product"}],"wp:featuredmedia":[{"embeddable":true,"href":"https:\/\/nourzl.com\/wp\/wp-json\/wp\/v2\/media\/164448"}],"wp:attachment":[{"href":"https:\/\/nourzl.com\/wp\/wp-json\/wp\/v2\/media?parent=46697"}],"wp:term":[{"taxonomy":"product_brand","embeddable":true,"href":"https:\/\/nourzl.com\/wp\/wp-json\/wp\/v2\/product_brand?post=46697"},{"taxonomy":"product_cat","embeddable":true,"href":"https:\/\/nourzl.com\/wp\/wp-json\/wp\/v2\/product_cat?post=46697"},{"taxonomy":"product_tag","embeddable":true,"href":"https:\/\/nourzl.com\/wp\/wp-json\/wp\/v2\/product_tag?post=46697"}],"curies":[{"name":"wp","href":"https:\/\/api.w.org\/{rel}","templated":true}]}}