{"id":46683,"date":"2026-02-09T17:30:47","date_gmt":"2026-02-09T17:30:47","guid":{"rendered":"https:\/\/nourzl.com\/wp\/product\/licuadora-1-5l-vidrio-decakila\/"},"modified":"2026-04-03T23:45:34","modified_gmt":"2026-04-03T23:45:34","slug":"licuadora-1-5l-vidrio-decakila","status":"publish","type":"product","link":"https:\/\/nourzl.com\/wp\/product\/licuadora-1-5l-vidrio-decakila\/","title":{"rendered":"LICUADORA 1.5L VIDRIO DECAKILA"},"content":{"rendered":"<p>Licuadora jarra de vidrio 1.5L 500W, cuchillas de acero inoxidable, dise\u00f1o de pies antideslizantes, cuchilla desmontable para f\u00e1cil limpieza, cuerpo de pl\u00e1stico con decoraci\u00f3n de acero inoxidable, 110 v, frecuencia 60Hz.<\/p>\n","protected":false},"excerpt":{"rendered":"<p>LICUADORA 1.5L VIDRIO DECAKILA<\/p>\n","protected":false},"featured_media":164454,"template":"","meta":[],"product_brand":[],"product_cat":[1589,1612],"product_tag":[1856],"class_list":{"0":"post-46683","1":"product","2":"type-product","3":"status-publish","4":"has-post-thumbnail","6":"product_cat-electrodomesticos","7":"product_cat-licuadoras","8":"product_tag-blender-1-5l-decakila","10":"first","11":"instock","12":"shipping-taxable","13":"purchasable","14":"product-type-simple"},"jetpack_sharing_enabled":true,"_links":{"self":[{"href":"https:\/\/nourzl.com\/wp\/wp-json\/wp\/v2\/product\/46683","targetHints":{"allow":["GET"]}}],"collection":[{"href":"https:\/\/nourzl.com\/wp\/wp-json\/wp\/v2\/product"}],"about":[{"href":"https:\/\/nourzl.com\/wp\/wp-json\/wp\/v2\/types\/product"}],"wp:featuredmedia":[{"embeddable":true,"href":"https:\/\/nourzl.com\/wp\/wp-json\/wp\/v2\/media\/164454"}],"wp:attachment":[{"href":"https:\/\/nourzl.com\/wp\/wp-json\/wp\/v2\/media?parent=46683"}],"wp:term":[{"taxonomy":"product_brand","embeddable":true,"href":"https:\/\/nourzl.com\/wp\/wp-json\/wp\/v2\/product_brand?post=46683"},{"taxonomy":"product_cat","embeddable":true,"href":"https:\/\/nourzl.com\/wp\/wp-json\/wp\/v2\/product_cat?post=46683"},{"taxonomy":"product_tag","embeddable":true,"href":"https:\/\/nourzl.com\/wp\/wp-json\/wp\/v2\/product_tag?post=46683"}],"curies":[{"name":"wp","href":"https:\/\/api.w.org\/{rel}","templated":true}]}}