{"id":46531,"date":"2026-02-09T17:28:35","date_gmt":"2026-02-09T17:28:35","guid":{"rendered":"https:\/\/nourzl.com\/wp\/product\/waflera-royal\/"},"modified":"2026-04-03T23:47:14","modified_gmt":"2026-04-03T23:47:14","slug":"waflera-royal","status":"publish","type":"product","link":"https:\/\/nourzl.com\/wp\/product\/waflera-royal\/","title":{"rendered":"WAFLERA ROYAL"},"content":{"rendered":"<p>Dise\u00f1o \u00fanico de placas de aluminio revestidas en antiadherente, dos niveles de waffle delgados y gruesos, f\u00e1cil de limpiar, carcasa segura y fr\u00eda al tacto, luz indicadora de funcionamiento y de listo, voltage 110, frecuencia 60Hz, 1200 watts. <\/p>\n","protected":false},"excerpt":{"rendered":"<p>WAFLERA ROYAL<\/p>\n","protected":false},"featured_media":164529,"template":"","meta":[],"product_brand":[],"product_cat":[1589,1624],"product_tag":[1799],"class_list":{"0":"post-46531","1":"product","2":"type-product","3":"status-publish","4":"has-post-thumbnail","6":"product_cat-electrodomesticos","7":"product_cat-wafleras-samdwich-arepera-electrodomesticos-2","8":"product_tag-waffle-maker-royal","10":"first","11":"instock","12":"shipping-taxable","13":"purchasable","14":"product-type-simple"},"jetpack_sharing_enabled":true,"_links":{"self":[{"href":"https:\/\/nourzl.com\/wp\/wp-json\/wp\/v2\/product\/46531","targetHints":{"allow":["GET"]}}],"collection":[{"href":"https:\/\/nourzl.com\/wp\/wp-json\/wp\/v2\/product"}],"about":[{"href":"https:\/\/nourzl.com\/wp\/wp-json\/wp\/v2\/types\/product"}],"wp:featuredmedia":[{"embeddable":true,"href":"https:\/\/nourzl.com\/wp\/wp-json\/wp\/v2\/media\/164529"}],"wp:attachment":[{"href":"https:\/\/nourzl.com\/wp\/wp-json\/wp\/v2\/media?parent=46531"}],"wp:term":[{"taxonomy":"product_brand","embeddable":true,"href":"https:\/\/nourzl.com\/wp\/wp-json\/wp\/v2\/product_brand?post=46531"},{"taxonomy":"product_cat","embeddable":true,"href":"https:\/\/nourzl.com\/wp\/wp-json\/wp\/v2\/product_cat?post=46531"},{"taxonomy":"product_tag","embeddable":true,"href":"https:\/\/nourzl.com\/wp\/wp-json\/wp\/v2\/product_tag?post=46531"}],"curies":[{"name":"wp","href":"https:\/\/api.w.org\/{rel}","templated":true}]}}