{"id":46523,"date":"2026-02-09T17:28:28","date_gmt":"2026-02-09T17:28:28","guid":{"rendered":"https:\/\/nourzl.com\/wp\/product\/maq-d-coser-23p-singer-2\/"},"modified":"2026-02-09T17:28:28","modified_gmt":"2026-02-09T17:28:28","slug":"maq-d-coser-23p-singer-2","status":"publish","type":"product","link":"https:\/\/nourzl.com\/wp\/product\/maq-d-coser-23p-singer-2\/","title":{"rendered":"MAQ. D\/COSER 23P SINGER"},"content":{"rendered":"<p>M\u00e1quina de coser de 23 puntadas, ojalador de 1 pasos, largo y ancho de puntada predeterminados, estructura de metal de m\u00e1xima durabilidad, brazo libre permite coser f\u00e1cilmente mangas y pu\u00f1os, enhebrado r\u00e1pido y f\u00e1cil, voltage 120, frecuencia 60Hz, 0.5 amperio.<\/p>\n","protected":false},"excerpt":{"rendered":"<p>MAQ. D\/COSER 23P SINGER<\/p>\n","protected":false},"featured_media":46522,"template":"","meta":[],"product_brand":[],"product_cat":[1587,1657],"product_tag":[1796],"class_list":{"0":"post-46523","1":"product","2":"type-product","3":"status-publish","4":"has-post-thumbnail","6":"product_cat-hogar","7":"product_cat-maquina-de-coser","8":"product_tag-sewing-machine-23p-singer","10":"first","11":"instock","12":"shipping-taxable","13":"purchasable","14":"product-type-simple"},"jetpack_sharing_enabled":true,"_links":{"self":[{"href":"https:\/\/nourzl.com\/wp\/wp-json\/wp\/v2\/product\/46523","targetHints":{"allow":["GET"]}}],"collection":[{"href":"https:\/\/nourzl.com\/wp\/wp-json\/wp\/v2\/product"}],"about":[{"href":"https:\/\/nourzl.com\/wp\/wp-json\/wp\/v2\/types\/product"}],"wp:featuredmedia":[{"embeddable":true,"href":"https:\/\/nourzl.com\/wp\/wp-json\/wp\/v2\/media\/46522"}],"wp:attachment":[{"href":"https:\/\/nourzl.com\/wp\/wp-json\/wp\/v2\/media?parent=46523"}],"wp:term":[{"taxonomy":"product_brand","embeddable":true,"href":"https:\/\/nourzl.com\/wp\/wp-json\/wp\/v2\/product_brand?post=46523"},{"taxonomy":"product_cat","embeddable":true,"href":"https:\/\/nourzl.com\/wp\/wp-json\/wp\/v2\/product_cat?post=46523"},{"taxonomy":"product_tag","embeddable":true,"href":"https:\/\/nourzl.com\/wp\/wp-json\/wp\/v2\/product_tag?post=46523"}],"curies":[{"name":"wp","href":"https:\/\/api.w.org\/{rel}","templated":true}]}}