{"id":46517,"date":"2026-02-09T17:28:23","date_gmt":"2026-02-09T17:28:23","guid":{"rendered":"https:\/\/nourzl.com\/wp\/product\/compresor-de-aire-automatico-ingco\/"},"modified":"2026-04-03T23:47:22","modified_gmt":"2026-04-03T23:47:22","slug":"compresor-de-aire-automatico-ingco","status":"publish","type":"product","link":"https:\/\/nourzl.com\/wp\/product\/compresor-de-aire-automatico-ingco\/","title":{"rendered":"COMPRESOR DE AIRE AUTOM\u00c1TICO INGCO"},"content":{"rendered":"<p>Compresor autom\u00e1tico de aire de 120psi con 1 fuentes de alimentaci\u00f3n, 12-13.5 voltios o directo de la bater\u00eda, corriente 18 amperios, luz led para alumbrar el \u00e1rea de trabajo y v\u00e1lvula para cargar aire, presi\u00f3n de aire de 45 litros por minutos.<\/p>\n","protected":false},"excerpt":{"rendered":"<p>COMPRESOR DE AIRE AUTOM\u00c1TICO INGCO<\/p>\n","protected":false},"featured_media":164535,"template":"","meta":[],"product_brand":[],"product_cat":[1638,1590],"product_tag":[1793],"class_list":{"0":"post-46517","1":"product","2":"type-product","3":"status-publish","4":"has-post-thumbnail","6":"product_cat-compresor-aire","7":"product_cat-herramientas","8":"product_tag-auto-air-compressor-ingco","10":"first","11":"instock","12":"shipping-taxable","13":"purchasable","14":"product-type-simple"},"jetpack_sharing_enabled":true,"_links":{"self":[{"href":"https:\/\/nourzl.com\/wp\/wp-json\/wp\/v2\/product\/46517","targetHints":{"allow":["GET"]}}],"collection":[{"href":"https:\/\/nourzl.com\/wp\/wp-json\/wp\/v2\/product"}],"about":[{"href":"https:\/\/nourzl.com\/wp\/wp-json\/wp\/v2\/types\/product"}],"wp:featuredmedia":[{"embeddable":true,"href":"https:\/\/nourzl.com\/wp\/wp-json\/wp\/v2\/media\/164535"}],"wp:attachment":[{"href":"https:\/\/nourzl.com\/wp\/wp-json\/wp\/v2\/media?parent=46517"}],"wp:term":[{"taxonomy":"product_brand","embeddable":true,"href":"https:\/\/nourzl.com\/wp\/wp-json\/wp\/v2\/product_brand?post=46517"},{"taxonomy":"product_cat","embeddable":true,"href":"https:\/\/nourzl.com\/wp\/wp-json\/wp\/v2\/product_cat?post=46517"},{"taxonomy":"product_tag","embeddable":true,"href":"https:\/\/nourzl.com\/wp\/wp-json\/wp\/v2\/product_tag?post=46517"}],"curies":[{"name":"wp","href":"https:\/\/api.w.org\/{rel}","templated":true}]}}