{"id":46513,"date":"2026-02-09T17:28:19","date_gmt":"2026-02-09T17:28:19","guid":{"rendered":"https:\/\/nourzl.com\/wp\/product\/gato-hidraulico-de-piso-ingco\/"},"modified":"2026-04-03T23:47:24","modified_gmt":"2026-04-03T23:47:24","slug":"gato-hidraulico-de-piso-ingco","status":"publish","type":"product","link":"https:\/\/nourzl.com\/wp\/product\/gato-hidraulico-de-piso-ingco\/","title":{"rendered":"GATO HIDR\u00c1ULICO DE PISO INGCO"},"content":{"rendered":"<p>Gato hidr\u00e1ulico de 3 toneladas con altura m\u00ednima de 135 mm, altura m\u00e1xima de altura de 410 mm, recorrido de 275 mm.<\/p>\n","protected":false},"excerpt":{"rendered":"<p>GATO HIDR\u00c1ULICO DE PISO INGCO<\/p>\n","protected":false},"featured_media":164537,"template":"","meta":[],"product_brand":[],"product_cat":[1590,1644],"product_tag":[1791],"class_list":{"0":"post-46513","1":"product","2":"type-product","3":"status-publish","4":"has-post-thumbnail","6":"product_cat-herramientas","7":"product_cat-herramientas-manuales","8":"product_tag-hydraulic-floor-jack-ingco","10":"first","11":"instock","12":"shipping-taxable","13":"purchasable","14":"product-type-simple"},"jetpack_sharing_enabled":true,"_links":{"self":[{"href":"https:\/\/nourzl.com\/wp\/wp-json\/wp\/v2\/product\/46513","targetHints":{"allow":["GET"]}}],"collection":[{"href":"https:\/\/nourzl.com\/wp\/wp-json\/wp\/v2\/product"}],"about":[{"href":"https:\/\/nourzl.com\/wp\/wp-json\/wp\/v2\/types\/product"}],"wp:featuredmedia":[{"embeddable":true,"href":"https:\/\/nourzl.com\/wp\/wp-json\/wp\/v2\/media\/164537"}],"wp:attachment":[{"href":"https:\/\/nourzl.com\/wp\/wp-json\/wp\/v2\/media?parent=46513"}],"wp:term":[{"taxonomy":"product_brand","embeddable":true,"href":"https:\/\/nourzl.com\/wp\/wp-json\/wp\/v2\/product_brand?post=46513"},{"taxonomy":"product_cat","embeddable":true,"href":"https:\/\/nourzl.com\/wp\/wp-json\/wp\/v2\/product_cat?post=46513"},{"taxonomy":"product_tag","embeddable":true,"href":"https:\/\/nourzl.com\/wp\/wp-json\/wp\/v2\/product_tag?post=46513"}],"curies":[{"name":"wp","href":"https:\/\/api.w.org\/{rel}","templated":true}]}}