{"id":46481,"date":"2026-02-09T17:27:50","date_gmt":"2026-02-09T17:27:50","guid":{"rendered":"https:\/\/nourzl.com\/wp\/product\/lavadora-auto-9kg-royal\/"},"modified":"2026-04-03T23:47:43","modified_gmt":"2026-04-03T23:47:43","slug":"lavadora-auto-9kg-royal","status":"publish","type":"product","link":"https:\/\/nourzl.com\/wp\/product\/lavadora-auto-9kg-royal\/","title":{"rendered":"LAVADORA AUTO 9KG  ROYAL"},"content":{"rendered":"<p>Lavadora autom\u00e1tica de 9 kilos, ahorra agua y energ\u00eda, lavado silencioso y eficiente, limpieza profunda sin maltratar la ropa, motor reforzado de alto rendimiento, voltage 120v, frecuencia 60Hz, entrada de potencia de 400 watts, protecci\u00f3n el\u00e9ctrica IPX4, presi\u00f3n de agua de 0.03-0.8MPa.<\/p>\n","protected":false},"excerpt":{"rendered":"<p>LAVADORA AUTO 9KG  ROYAL<\/p>\n","protected":false},"featured_media":164553,"template":"","meta":[],"product_brand":[],"product_cat":[1672,1588],"product_tag":[1778],"class_list":{"0":"post-46481","1":"product","2":"type-product","3":"status-publish","4":"has-post-thumbnail","6":"product_cat-lavadoras-linea-blanca","7":"product_cat-linea-blanca","8":"product_tag-washing-machine-automatic-9kg-royal","10":"first","11":"instock","12":"shipping-taxable","13":"purchasable","14":"product-type-simple"},"jetpack_sharing_enabled":true,"_links":{"self":[{"href":"https:\/\/nourzl.com\/wp\/wp-json\/wp\/v2\/product\/46481","targetHints":{"allow":["GET"]}}],"collection":[{"href":"https:\/\/nourzl.com\/wp\/wp-json\/wp\/v2\/product"}],"about":[{"href":"https:\/\/nourzl.com\/wp\/wp-json\/wp\/v2\/types\/product"}],"wp:featuredmedia":[{"embeddable":true,"href":"https:\/\/nourzl.com\/wp\/wp-json\/wp\/v2\/media\/164553"}],"wp:attachment":[{"href":"https:\/\/nourzl.com\/wp\/wp-json\/wp\/v2\/media?parent=46481"}],"wp:term":[{"taxonomy":"product_brand","embeddable":true,"href":"https:\/\/nourzl.com\/wp\/wp-json\/wp\/v2\/product_brand?post=46481"},{"taxonomy":"product_cat","embeddable":true,"href":"https:\/\/nourzl.com\/wp\/wp-json\/wp\/v2\/product_cat?post=46481"},{"taxonomy":"product_tag","embeddable":true,"href":"https:\/\/nourzl.com\/wp\/wp-json\/wp\/v2\/product_tag?post=46481"}],"curies":[{"name":"wp","href":"https:\/\/api.w.org\/{rel}","templated":true}]}}