{"id":46419,"date":"2026-02-09T17:26:56","date_gmt":"2026-02-09T17:26:56","guid":{"rendered":"https:\/\/nourzl.com\/wp\/product\/barbera-magic-clip-inalambrica-wahl\/"},"modified":"2026-04-03T23:48:17","modified_gmt":"2026-04-03T23:48:17","slug":"barbera-magic-clip-inalambrica-wahl","status":"publish","type":"product","link":"https:\/\/nourzl.com\/wp\/product\/barbera-magic-clip-inalambrica-wahl\/","title":{"rendered":"BARBERA MAGIC CLIP INALAMBRICA WAHL"},"content":{"rendered":"<p>Barbera profesional de uso inal\u00e1mbrico o con cable, potente motor de V5000 para una duraci\u00f3n interrumpida, dise\u00f1ado para todo tipo de corte, corte potente con cable, cuchillas inoxidables, palanca ajustable con 8 peines (tama\u00f1o \u00bd, 1, 1 1\/2, 2, 3, 4, 6, 8 mm), voltage 100v \u2013 240v (50-60Hz.<\/p>\n","protected":false},"excerpt":{"rendered":"<p>BARBERA MAGIC CLIP INALAMBRICA WAHL<\/p>\n","protected":false},"featured_media":164588,"template":"","meta":[],"product_brand":[],"product_cat":[1593,1591],"product_tag":[1709],"class_list":{"0":"post-46419","1":"product","2":"type-product","3":"status-publish","4":"has-post-thumbnail","6":"product_cat-barberas","7":"product_cat-cuidado-personal","8":"product_tag-hair-clipper-wahl","10":"first","11":"instock","12":"shipping-taxable","13":"purchasable","14":"product-type-simple"},"jetpack_sharing_enabled":true,"_links":{"self":[{"href":"https:\/\/nourzl.com\/wp\/wp-json\/wp\/v2\/product\/46419","targetHints":{"allow":["GET"]}}],"collection":[{"href":"https:\/\/nourzl.com\/wp\/wp-json\/wp\/v2\/product"}],"about":[{"href":"https:\/\/nourzl.com\/wp\/wp-json\/wp\/v2\/types\/product"}],"wp:featuredmedia":[{"embeddable":true,"href":"https:\/\/nourzl.com\/wp\/wp-json\/wp\/v2\/media\/164588"}],"wp:attachment":[{"href":"https:\/\/nourzl.com\/wp\/wp-json\/wp\/v2\/media?parent=46419"}],"wp:term":[{"taxonomy":"product_brand","embeddable":true,"href":"https:\/\/nourzl.com\/wp\/wp-json\/wp\/v2\/product_brand?post=46419"},{"taxonomy":"product_cat","embeddable":true,"href":"https:\/\/nourzl.com\/wp\/wp-json\/wp\/v2\/product_cat?post=46419"},{"taxonomy":"product_tag","embeddable":true,"href":"https:\/\/nourzl.com\/wp\/wp-json\/wp\/v2\/product_tag?post=46419"}],"curies":[{"name":"wp","href":"https:\/\/api.w.org\/{rel}","templated":true}]}}