{"id":46395,"date":"2026-02-09T17:26:37","date_gmt":"2026-02-09T17:26:37","guid":{"rendered":"https:\/\/nourzl.com\/wp\/product\/refrigeradora-6-inverter-lg\/"},"modified":"2026-04-03T23:48:31","modified_gmt":"2026-04-03T23:48:31","slug":"refrigeradora-6-inverter-lg","status":"publish","type":"product","link":"https:\/\/nourzl.com\/wp\/product\/refrigeradora-6-inverter-lg\/","title":{"rendered":"REFRIGERADORA 6&#8242; INVERTER LG"},"content":{"rendered":"<p>Refrigeradora 6 pies c\u00fabicos, 1 puerta, descongelamiento Semi autom\u00e1tico, 3 parrillas de cristal templado, control de temperatura interno, amplio caj\u00f3n de legumbres, luz interior, voltage 115V-60HZ, refrigerante R134A.<\/p>\n","protected":false},"excerpt":{"rendered":"<p>REFRIGERADORA 6&#8242; INVERTER LG<\/p>\n","protected":false},"featured_media":164602,"template":"","meta":[],"product_brand":[],"product_cat":[1588,1676],"product_tag":[1748],"class_list":{"0":"post-46395","1":"product","2":"type-product","3":"status-publish","4":"has-post-thumbnail","6":"product_cat-linea-blanca","7":"product_cat-refrigeradoras","8":"product_tag-refrigerator-6-inverter-lg","10":"first","11":"instock","12":"shipping-taxable","13":"purchasable","14":"product-type-simple"},"jetpack_sharing_enabled":true,"_links":{"self":[{"href":"https:\/\/nourzl.com\/wp\/wp-json\/wp\/v2\/product\/46395","targetHints":{"allow":["GET"]}}],"collection":[{"href":"https:\/\/nourzl.com\/wp\/wp-json\/wp\/v2\/product"}],"about":[{"href":"https:\/\/nourzl.com\/wp\/wp-json\/wp\/v2\/types\/product"}],"wp:featuredmedia":[{"embeddable":true,"href":"https:\/\/nourzl.com\/wp\/wp-json\/wp\/v2\/media\/164602"}],"wp:attachment":[{"href":"https:\/\/nourzl.com\/wp\/wp-json\/wp\/v2\/media?parent=46395"}],"wp:term":[{"taxonomy":"product_brand","embeddable":true,"href":"https:\/\/nourzl.com\/wp\/wp-json\/wp\/v2\/product_brand?post=46395"},{"taxonomy":"product_cat","embeddable":true,"href":"https:\/\/nourzl.com\/wp\/wp-json\/wp\/v2\/product_cat?post=46395"},{"taxonomy":"product_tag","embeddable":true,"href":"https:\/\/nourzl.com\/wp\/wp-json\/wp\/v2\/product_tag?post=46395"}],"curies":[{"name":"wp","href":"https:\/\/api.w.org\/{rel}","templated":true}]}}