{"id":46350,"date":"2026-02-09T17:26:00","date_gmt":"2026-02-09T17:26:00","guid":{"rendered":"https:\/\/nourzl.com\/wp\/product\/secador-d-cabello-keratina-1900w-remington\/"},"modified":"2026-04-03T23:48:55","modified_gmt":"2026-04-03T23:48:55","slug":"secador-d-cabello-keratina-1900w-remington","status":"publish","type":"product","link":"https:\/\/nourzl.com\/wp\/product\/secador-d-cabello-keratina-1900w-remington\/","title":{"rendered":"SECADOR D\/ CABELLO KERATINA 1900W REMINGTON"},"content":{"rendered":"<p>Motor profesional de 2200 W de corriente alterna (AC) de larga duraci\u00f3n para un acabado suave y sano 3 temperaturas y 2 velocidades, r\u00e1faga real de aire fr\u00edo \/Concentradores de 7 y 11 mm , difusor. rejilla trasera desmontable para una limpieza f\u00e1cil, gancho para colgar, cable profesional de 3 m, vvoltaje 127v-60hz<\/p>\n","protected":false},"excerpt":{"rendered":"<p>SECADOR D\/ CABELLO KERATINA 1900W REMINGTON<\/p>\n","protected":false},"featured_media":164627,"template":"","meta":[],"product_brand":[],"product_cat":[1591,1597],"product_tag":[1683],"class_list":{"0":"post-46350","1":"product","2":"type-product","3":"status-publish","4":"has-post-thumbnail","6":"product_cat-cuidado-personal","7":"product_cat-secador-de-cabello","8":"product_tag-hair-drier-remington","10":"first","11":"instock","12":"shipping-taxable","13":"purchasable","14":"product-type-simple"},"jetpack_sharing_enabled":true,"_links":{"self":[{"href":"https:\/\/nourzl.com\/wp\/wp-json\/wp\/v2\/product\/46350","targetHints":{"allow":["GET"]}}],"collection":[{"href":"https:\/\/nourzl.com\/wp\/wp-json\/wp\/v2\/product"}],"about":[{"href":"https:\/\/nourzl.com\/wp\/wp-json\/wp\/v2\/types\/product"}],"wp:featuredmedia":[{"embeddable":true,"href":"https:\/\/nourzl.com\/wp\/wp-json\/wp\/v2\/media\/164627"}],"wp:attachment":[{"href":"https:\/\/nourzl.com\/wp\/wp-json\/wp\/v2\/media?parent=46350"}],"wp:term":[{"taxonomy":"product_brand","embeddable":true,"href":"https:\/\/nourzl.com\/wp\/wp-json\/wp\/v2\/product_brand?post=46350"},{"taxonomy":"product_cat","embeddable":true,"href":"https:\/\/nourzl.com\/wp\/wp-json\/wp\/v2\/product_cat?post=46350"},{"taxonomy":"product_tag","embeddable":true,"href":"https:\/\/nourzl.com\/wp\/wp-json\/wp\/v2\/product_tag?post=46350"}],"curies":[{"name":"wp","href":"https:\/\/api.w.org\/{rel}","templated":true}]}}