{"id":46274,"date":"2026-02-09T17:24:52","date_gmt":"2026-02-09T17:24:52","guid":{"rendered":"https:\/\/nourzl.com\/wp\/product\/mini-procesador-d-alimentos-375-ml-royal\/"},"modified":"2026-04-03T23:49:36","modified_gmt":"2026-04-03T23:49:36","slug":"mini-procesador-d-alimentos-375-ml-royal","status":"publish","type":"product","link":"https:\/\/nourzl.com\/wp\/product\/mini-procesador-d-alimentos-375-ml-royal\/","title":{"rendered":"MINI PROCESADOR D\/ALIMENTOS 375 ML ROYAL"},"content":{"rendered":"<p>Cortador compacto con navajas de acero inoxidables permanece filosa, taz\u00f3n, navaja y la tapa se remueven para una limpieza f\u00e1cil, bot\u00f3n de pulso, capacidad de 1 \u00bd taza, voltage 110, frecuezia 50Hz, poder de 50 watts.    <\/p>\n","protected":false},"excerpt":{"rendered":"<p>MINI PROCESADOR D\/ALIMENTOS 375 ML ROYAL<\/p>\n","protected":false},"featured_media":164672,"template":"","meta":[],"product_brand":[],"product_cat":[1589,1618],"product_tag":[1703],"class_list":{"0":"post-46274","1":"product","2":"type-product","3":"status-publish","4":"has-post-thumbnail","6":"product_cat-electrodomesticos","7":"product_cat-procesador-de-alimentos","8":"product_tag-mini-food-processor-royal","10":"first","11":"instock","12":"shipping-taxable","13":"purchasable","14":"product-type-simple"},"jetpack_sharing_enabled":true,"_links":{"self":[{"href":"https:\/\/nourzl.com\/wp\/wp-json\/wp\/v2\/product\/46274","targetHints":{"allow":["GET"]}}],"collection":[{"href":"https:\/\/nourzl.com\/wp\/wp-json\/wp\/v2\/product"}],"about":[{"href":"https:\/\/nourzl.com\/wp\/wp-json\/wp\/v2\/types\/product"}],"wp:featuredmedia":[{"embeddable":true,"href":"https:\/\/nourzl.com\/wp\/wp-json\/wp\/v2\/media\/164672"}],"wp:attachment":[{"href":"https:\/\/nourzl.com\/wp\/wp-json\/wp\/v2\/media?parent=46274"}],"wp:term":[{"taxonomy":"product_brand","embeddable":true,"href":"https:\/\/nourzl.com\/wp\/wp-json\/wp\/v2\/product_brand?post=46274"},{"taxonomy":"product_cat","embeddable":true,"href":"https:\/\/nourzl.com\/wp\/wp-json\/wp\/v2\/product_cat?post=46274"},{"taxonomy":"product_tag","embeddable":true,"href":"https:\/\/nourzl.com\/wp\/wp-json\/wp\/v2\/product_tag?post=46274"}],"curies":[{"name":"wp","href":"https:\/\/api.w.org\/{rel}","templated":true}]}}