{"id":46255,"date":"2026-02-09T17:24:36","date_gmt":"2026-02-09T17:24:36","guid":{"rendered":"https:\/\/nourzl.com\/wp\/product\/afeitadora-remington\/"},"modified":"2026-04-03T23:49:47","modified_gmt":"2026-04-03T23:49:47","slug":"afeitadora-remington","status":"publish","type":"product","link":"https:\/\/nourzl.com\/wp\/product\/afeitadora-remington\/","title":{"rendered":"AFEITADORA REMINGTON"},"content":{"rendered":"<p> Afeitadora dual Flex, dos cabezales flexibles con 2 hojas de corte, indicador led de funcionamiento, las cuchillas se ajustan al contorno del rostro, cuchillas de acero quir\u00fargico, su dise\u00f1o compacto la ase ideal para el hogar el gimnasio y en el trabajo, voltage 120v frecuencia 50-60Hz, consumo de energ\u00eda 0.300kW\/h.    <\/p>\n","protected":false},"excerpt":{"rendered":"<p>AFEITADORA REMINGTON<\/p>\n","protected":false},"featured_media":164683,"template":"","meta":[],"product_brand":[],"product_cat":[1592,1591],"product_tag":[1695],"class_list":{"0":"post-46255","1":"product","2":"type-product","3":"status-publish","4":"has-post-thumbnail","6":"product_cat-afeitadoras","7":"product_cat-cuidado-personal","8":"product_tag-shaver-remington","10":"first","11":"instock","12":"shipping-taxable","13":"purchasable","14":"product-type-simple"},"jetpack_sharing_enabled":true,"_links":{"self":[{"href":"https:\/\/nourzl.com\/wp\/wp-json\/wp\/v2\/product\/46255","targetHints":{"allow":["GET"]}}],"collection":[{"href":"https:\/\/nourzl.com\/wp\/wp-json\/wp\/v2\/product"}],"about":[{"href":"https:\/\/nourzl.com\/wp\/wp-json\/wp\/v2\/types\/product"}],"wp:featuredmedia":[{"embeddable":true,"href":"https:\/\/nourzl.com\/wp\/wp-json\/wp\/v2\/media\/164683"}],"wp:attachment":[{"href":"https:\/\/nourzl.com\/wp\/wp-json\/wp\/v2\/media?parent=46255"}],"wp:term":[{"taxonomy":"product_brand","embeddable":true,"href":"https:\/\/nourzl.com\/wp\/wp-json\/wp\/v2\/product_brand?post=46255"},{"taxonomy":"product_cat","embeddable":true,"href":"https:\/\/nourzl.com\/wp\/wp-json\/wp\/v2\/product_cat?post=46255"},{"taxonomy":"product_tag","embeddable":true,"href":"https:\/\/nourzl.com\/wp\/wp-json\/wp\/v2\/product_tag?post=46255"}],"curies":[{"name":"wp","href":"https:\/\/api.w.org\/{rel}","templated":true}]}}